{"id":677,"date":"2014-10-01T11:54:01","date_gmt":"2014-10-01T11:54:01","guid":{"rendered":"http:\/\/demo.wydethemes.com\/vela1\/?page_id=677"},"modified":"2025-09-01T10:11:57","modified_gmt":"2025-09-01T10:11:57","slug":"contacto","status":"publish","type":"page","link":"https:\/\/enriqueinstrumentosmusicales.es\/index.php\/contacto\/","title":{"rendered":"Cont\u00e1ctanos"},"content":{"rendered":"<div class=\"wpb-content-wrapper\"><p>[vc_row][vc_column][vc_raw_html]JTNDaWZyYW1lJTIwc3JjJTNEJTIyaHR0cHMlM0ElMkYlMkZ3d3cuZ29vZ2xlLmNvbSUyRm1hcHMlMkZlbWJlZCUzRnBiJTNEJTIxMW0xNCUyMTFtOCUyMTFtMyUyMTFkMzIwNS44ODA0ODkzNDQwNzkzJTIxMmQtNi4yOTUyNjkyNzg2NjUyMTQlMjEzZDM2LjUzMjg3NzUyNDcxNjcxJTIxM20yJTIxMWkxMDI0JTIxMmk3NjglMjE0ZjEzLjElMjEzbTMlMjExbTIlMjExczB4MCUyNTNBMHg2MDA5Y2QzNWIxM2MyYjYxJTIxMnNFbnJpcXVlJTJCSW5zdHJ1bWVudG9zJTJCTXVzaWNhbGVzJTIxNWUwJTIxM20yJTIxMXNlcyUyMTJzZXMlMjE0djE1MjQ3NTk0ODIzNjQlMjIlMjB3aWR0aCUzRCUyMjEwMCUyNSUyMiUyMGhlaWdodCUzRCUyMjQ1MCUyMiUyMGZyYW1lYm9yZGVyJTNEJTIyMCUyMiUyMHN0eWxlJTNEJTIyYm9yZGVyJTNBMCUyMiUyMGFsbG93ZnVsbHNjcmVlbiUzRSUzQyUyRmlmcmFtZSUzRQ==[\/vc_raw_html][\/vc_column][\/vc_row][vc_row][vc_column width=\u00bb1\/2&#8243;]\n<div class=\"wpcf7 no-js\" id=\"wpcf7-f4886-o1\" lang=\"es-ES\" dir=\"ltr\" data-wpcf7-id=\"4886\">\n<div class=\"screen-reader-response\"><p role=\"status\" aria-live=\"polite\" aria-atomic=\"true\"><\/p> <ul><\/ul><\/div>\n<form action=\"\/index.php\/wp-json\/wp\/v2\/pages\/677#wpcf7-f4886-o1\" method=\"post\" class=\"wpcf7-form init\" aria-label=\"Formulario de contacto\" novalidate=\"novalidate\" data-status=\"init\">\n<fieldset class=\"hidden-fields-container\"><input type=\"hidden\" name=\"_wpcf7\" value=\"4886\" \/><input type=\"hidden\" name=\"_wpcf7_version\" value=\"6.1.4\" \/><input type=\"hidden\" name=\"_wpcf7_locale\" value=\"es_ES\" \/><input type=\"hidden\" name=\"_wpcf7_unit_tag\" value=\"wpcf7-f4886-o1\" \/><input type=\"hidden\" name=\"_wpcf7_container_post\" value=\"0\" \/><input type=\"hidden\" name=\"_wpcf7_posted_data_hash\" value=\"\" \/>\n<\/fieldset>\n<p><label> Nombre (requerido)<br \/>\n<span class=\"wpcf7-form-control-wrap\" data-name=\"your-name\"><input size=\"40\" maxlength=\"400\" class=\"wpcf7-form-control wpcf7-text wpcf7-validates-as-required\" aria-required=\"true\" aria-invalid=\"false\" value=\"\" type=\"text\" name=\"your-name\" \/><\/span> <\/label>\n<\/p>\n<p><label> Tu correo electr\u00f3nico (requerido)<br \/>\n<span class=\"wpcf7-form-control-wrap\" data-name=\"your-email\"><input size=\"40\" maxlength=\"400\" class=\"wpcf7-form-control wpcf7-email wpcf7-validates-as-required wpcf7-text wpcf7-validates-as-email\" aria-required=\"true\" aria-invalid=\"false\" value=\"\" type=\"email\" name=\"your-email\" \/><\/span> <\/label>\n<\/p>\n<p><label> Asunto<br \/>\n<span class=\"wpcf7-form-control-wrap\" data-name=\"your-subject\"><input size=\"40\" maxlength=\"400\" class=\"wpcf7-form-control wpcf7-text\" aria-invalid=\"false\" value=\"\" type=\"text\" name=\"your-subject\" \/><\/span> <\/label>\n<\/p>\n<p><label> Mensaje<br \/>\n<span class=\"wpcf7-form-control-wrap\" data-name=\"your-message\"><textarea cols=\"40\" rows=\"10\" maxlength=\"2000\" class=\"wpcf7-form-control wpcf7-textarea\" aria-invalid=\"false\" name=\"your-message\"><\/textarea><\/span> <\/label>\n<\/p>\n<p><input class=\"wpcf7-form-control wpcf7-submit has-spinner\" type=\"submit\" value=\"Enviar\" \/>\n<\/p><div class=\"wpcf7-response-output\" aria-hidden=\"true\"><\/div>\n<\/form>\n<\/div>\n[\/vc_column][vc_column width=\u00bb1\/2&#8243;][vc_empty_space height=\u00bb50px\u00bb][vc_single_image image=\u00bb5597&#8243; img_size=\u00bbfull\u00bb alignment=\u00bbcenter\u00bb][vc_empty_space height=\u00bb50px\u00bb][vc_column_text]<\/p>\n<h3 style=\"text-align: center;\"><span style=\"color: #000000;\"><a style=\"color: #000000;\" href=\"https:\/\/www.google.es\/maps\/place\/Enrique+Instrumentos+Musicales\/@36.5328775,-6.2952693,17z\/data=!4m5!3m4!1s0x0:0x6009cd35b13c2b61!8m2!3d36.532157!4d-6.295097\"><strong>C\/ Jos\u00e9 del Toro, 26<br \/>\n<\/strong><strong style=\"font-size: 24px;\">11004 &#8211; C\u00e1diz (C\u00c1DIZ)<\/strong><\/a><\/span><\/h3>\n<h3 style=\"text-align: center;\"><span style=\"color: #000000;\"><a style=\"color: #000000;\" href=\"tel:+34956224033\"><strong>956 224 033<\/strong><\/a><\/span><\/h3>\n<h4 style=\"text-align: center;\">enriquemusicales@yahoo.es<\/h4>\n<p>[\/vc_column_text][vc_wp_text]<\/p>\n<h2 style=\"text-align: center;\"><strong>Horario <\/strong>:<\/h2>\n<h3 style=\"text-align: center;\">De Lunes a Viernes de 10.00 a 13.30 y de 17.30 a 20.30.<\/h3>\n<h3 style=\"text-align: center;\">S\u00e1bados de 11.00 a 14.00.<\/h3>\n<h4 style=\"text-align: center;\"><strong>\u00a0<span style=\"color: #000080;\">\u00a0\u00a0<\/span><\/strong><\/h4>\n<p>[\/vc_wp_text][\/vc_column][\/vc_row][vc_row][vc_column][\/vc_column][\/vc_row]<\/p>\n<\/div>","protected":false},"excerpt":{"rendered":"<p>[vc_row][vc_column][vc_raw_html]JTNDaWZyYW1lJTIwc3JjJTNEJTIyaHR0cHMlM0ElMkYlMkZ3d3cuZ29vZ2xlLmNvbSUyRm1hcHMlMkZlbWJlZCUzRnBiJTNEJTIxMW0xNCUyMTFtOCUyMTFtMyUyMTFkMzIwNS44ODA0ODkzNDQwNzkzJTIxMmQtNi4yOTUyNjkyNzg2NjUyMTQlMjEzZDM2LjUzMjg3NzUyNDcxNjcxJTIxM20yJTIxMWkxMDI0JTIxMmk3NjglMjE0ZjEzLjElMjEzbTMlMjExbTIlMjExczB4MCUyNTNBMHg2MDA5Y2QzNWIxM2MyYjYxJTIxMnNFbnJpcXVlJTJCSW5zdHJ1bWVudG9zJTJCTXVzaWNhbGVzJTIxNWUwJTIxM20yJTIxMXNlcyUyMTJzZXMlMjE0djE1MjQ3NTk0ODIzNjQlMjIlMjB3aWR0aCUzRCUyMjEwMCUyNSUyMiUyMGhlaWdodCUzRCUyMjQ1MCUyMiUyMGZyYW1lYm9yZGVyJTNEJTIyMCUyMiUyMHN0eWxlJTNEJTIyYm9yZGVyJTNBMCUyMiUyMGFsbG93ZnVsbHNjcmVlbiUzRSUzQyUyRmlmcmFtZSUzRQ==[\/vc_raw_html][\/vc_column][\/vc_row][vc_row][vc_column width=\u00bb1\/2&#8243;][\/vc_column][vc_column width=\u00bb1\/2&#8243;][vc_empty_space height=\u00bb50px\u00bb][vc_single_image image=\u00bb5597&#8243; img_size=\u00bbfull\u00bb alignment=\u00bbcenter\u00bb][vc_empty_space height=\u00bb50px\u00bb][vc_column_text] C\/ Jos\u00e9 del Toro, 26 11004 &#8211; C\u00e1diz (C\u00c1DIZ) 956 224 033 enriquemusicales@yahoo.es [\/vc_column_text][vc_wp_text] Horario : De Lunes a Viernes de 10.00 a 13.30 y de 17.30 a 20.30. S\u00e1bados de 11.00 a 14.00. \u00a0\u00a0\u00a0 [\/vc_wp_text][\/vc_column][\/vc_row][vc_row][vc_column][\/vc_column][\/vc_row]<\/p>\n","protected":false},"author":1,"featured_media":0,"parent":0,"menu_order":0,"comment_status":"closed","ping_status":"open","template":"","meta":{"footnotes":""},"class_list":["post-677","page","type-page","status-publish","hentry"],"_links":{"self":[{"href":"https:\/\/enriqueinstrumentosmusicales.es\/index.php\/wp-json\/wp\/v2\/pages\/677","targetHints":{"allow":["GET"]}}],"collection":[{"href":"https:\/\/enriqueinstrumentosmusicales.es\/index.php\/wp-json\/wp\/v2\/pages"}],"about":[{"href":"https:\/\/enriqueinstrumentosmusicales.es\/index.php\/wp-json\/wp\/v2\/types\/page"}],"author":[{"embeddable":true,"href":"https:\/\/enriqueinstrumentosmusicales.es\/index.php\/wp-json\/wp\/v2\/users\/1"}],"replies":[{"embeddable":true,"href":"https:\/\/enriqueinstrumentosmusicales.es\/index.php\/wp-json\/wp\/v2\/comments?post=677"}],"version-history":[{"count":60,"href":"https:\/\/enriqueinstrumentosmusicales.es\/index.php\/wp-json\/wp\/v2\/pages\/677\/revisions"}],"predecessor-version":[{"id":14693,"href":"https:\/\/enriqueinstrumentosmusicales.es\/index.php\/wp-json\/wp\/v2\/pages\/677\/revisions\/14693"}],"wp:attachment":[{"href":"https:\/\/enriqueinstrumentosmusicales.es\/index.php\/wp-json\/wp\/v2\/media?parent=677"}],"curies":[{"name":"wp","href":"https:\/\/api.w.org\/{rel}","templated":true}]}}