{"id":4101,"date":"2015-09-29T17:03:28","date_gmt":"2015-09-29T17:03:28","guid":{"rendered":"http:\/\/enriqueinstrumentosmusicales.es\/?post_type=product&#038;p=4101"},"modified":"2018-02-21T12:22:40","modified_gmt":"2018-02-21T12:22:40","slug":"castanuelas-fibra-amater-2","status":"publish","type":"product","link":"https:\/\/enriqueinstrumentosmusicales.es\/index.php\/producto\/castanuelas-fibra-amater-2\/","title":{"rendered":"Casta\u00f1uelas fibra amater"},"content":{"rendered":"<p>Casta\u00f1uelas de fibra Amater de Casta\u00f1uelas del Sur. Con funda. N\u00ba6.<\/p>\n","protected":false},"excerpt":{"rendered":"<p>Casta\u00f1uelas fibra amater.<\/p>\n","protected":false},"featured_media":4304,"comment_status":"open","ping_status":"closed","template":"","meta":[],"product_brand":[],"product_cat":[60],"product_tag":[],"class_list":{"0":"post-4101","1":"product","2":"type-product","3":"status-publish","4":"has-post-thumbnail","6":"product_cat-percusion","8":"first","9":"instock","10":"shipping-taxable","11":"purchasable","12":"product-type-simple"},"_links":{"self":[{"href":"https:\/\/enriqueinstrumentosmusicales.es\/index.php\/wp-json\/wp\/v2\/product\/4101","targetHints":{"allow":["GET"]}}],"collection":[{"href":"https:\/\/enriqueinstrumentosmusicales.es\/index.php\/wp-json\/wp\/v2\/product"}],"about":[{"href":"https:\/\/enriqueinstrumentosmusicales.es\/index.php\/wp-json\/wp\/v2\/types\/product"}],"replies":[{"embeddable":true,"href":"https:\/\/enriqueinstrumentosmusicales.es\/index.php\/wp-json\/wp\/v2\/comments?post=4101"}],"wp:featuredmedia":[{"embeddable":true,"href":"https:\/\/enriqueinstrumentosmusicales.es\/index.php\/wp-json\/wp\/v2\/media\/4304"}],"wp:attachment":[{"href":"https:\/\/enriqueinstrumentosmusicales.es\/index.php\/wp-json\/wp\/v2\/media?parent=4101"}],"wp:term":[{"taxonomy":"product_brand","embeddable":true,"href":"https:\/\/enriqueinstrumentosmusicales.es\/index.php\/wp-json\/wp\/v2\/product_brand?post=4101"},{"taxonomy":"product_cat","embeddable":true,"href":"https:\/\/enriqueinstrumentosmusicales.es\/index.php\/wp-json\/wp\/v2\/product_cat?post=4101"},{"taxonomy":"product_tag","embeddable":true,"href":"https:\/\/enriqueinstrumentosmusicales.es\/index.php\/wp-json\/wp\/v2\/product_tag?post=4101"}],"curies":[{"name":"wp","href":"https:\/\/api.w.org\/{rel}","templated":true}]}}