{"id":4567,"date":"2016-10-04T18:25:19","date_gmt":"2016-10-04T18:25:19","guid":{"rendered":"http:\/\/enriqueinstrumentosmusicales.es\/?post_type=product&#038;p=4567"},"modified":"2026-02-24T10:59:07","modified_gmt":"2026-02-24T10:59:07","slug":"alhambra-5p","status":"publish","type":"product","link":"https:\/\/enriqueinstrumentosmusicales.es\/index.php\/producto\/alhambra-5p\/","title":{"rendered":"Alhambra 5p"},"content":{"rendered":"<p>Guitarra cl\u00e1sica Alhambra 5P. Con cuerpo de palosanto y tapa maciza de cedro. Diapas\u00f3n de \u00e9bano.<\/p>\n","protected":false},"excerpt":{"rendered":"<p>Alhambra 5P.<\/p>\n","protected":false},"featured_media":4539,"comment_status":"open","ping_status":"closed","template":"","meta":[],"product_brand":[],"product_cat":[69],"product_tag":[],"class_list":{"0":"post-4567","1":"product","2":"type-product","3":"status-publish","4":"has-post-thumbnail","6":"product_cat-guitarras-clasicas-y-flamencas","8":"first","9":"instock","10":"shipping-taxable","11":"purchasable","12":"product-type-simple"},"_links":{"self":[{"href":"https:\/\/enriqueinstrumentosmusicales.es\/index.php\/wp-json\/wp\/v2\/product\/4567","targetHints":{"allow":["GET"]}}],"collection":[{"href":"https:\/\/enriqueinstrumentosmusicales.es\/index.php\/wp-json\/wp\/v2\/product"}],"about":[{"href":"https:\/\/enriqueinstrumentosmusicales.es\/index.php\/wp-json\/wp\/v2\/types\/product"}],"replies":[{"embeddable":true,"href":"https:\/\/enriqueinstrumentosmusicales.es\/index.php\/wp-json\/wp\/v2\/comments?post=4567"}],"wp:featuredmedia":[{"embeddable":true,"href":"https:\/\/enriqueinstrumentosmusicales.es\/index.php\/wp-json\/wp\/v2\/media\/4539"}],"wp:attachment":[{"href":"https:\/\/enriqueinstrumentosmusicales.es\/index.php\/wp-json\/wp\/v2\/media?parent=4567"}],"wp:term":[{"taxonomy":"product_brand","embeddable":true,"href":"https:\/\/enriqueinstrumentosmusicales.es\/index.php\/wp-json\/wp\/v2\/product_brand?post=4567"},{"taxonomy":"product_cat","embeddable":true,"href":"https:\/\/enriqueinstrumentosmusicales.es\/index.php\/wp-json\/wp\/v2\/product_cat?post=4567"},{"taxonomy":"product_tag","embeddable":true,"href":"https:\/\/enriqueinstrumentosmusicales.es\/index.php\/wp-json\/wp\/v2\/product_tag?post=4567"}],"curies":[{"name":"wp","href":"https:\/\/api.w.org\/{rel}","templated":true}]}}