{"id":4974,"date":"2017-06-14T10:20:06","date_gmt":"2017-06-14T10:20:06","guid":{"rendered":"http:\/\/enriqueinstrumentosmusicales.es\/?post_type=product&#038;p=4974"},"modified":"2019-10-16T10:39:12","modified_gmt":"2019-10-16T10:39:12","slug":"cejillas","status":"publish","type":"product","link":"https:\/\/enriqueinstrumentosmusicales.es\/index.php\/producto\/cejillas\/","title":{"rendered":"Cejillas"},"content":{"rendered":"<p>Cejillas varias para cl\u00e1sica, ac\u00fastica o el\u00e9ctrica. Desde 4\u20ac.<\/p>\n","protected":false},"excerpt":{"rendered":"<p>Cejillas.<\/p>\n","protected":false},"featured_media":4975,"comment_status":"open","ping_status":"closed","template":"","meta":[],"product_brand":[],"product_cat":[61],"product_tag":[],"class_list":{"0":"post-4974","1":"product","2":"type-product","3":"status-publish","4":"has-post-thumbnail","6":"product_cat-accesorios","8":"first","9":"instock","10":"shipping-taxable","11":"product-type-simple"},"_links":{"self":[{"href":"https:\/\/enriqueinstrumentosmusicales.es\/index.php\/wp-json\/wp\/v2\/product\/4974","targetHints":{"allow":["GET"]}}],"collection":[{"href":"https:\/\/enriqueinstrumentosmusicales.es\/index.php\/wp-json\/wp\/v2\/product"}],"about":[{"href":"https:\/\/enriqueinstrumentosmusicales.es\/index.php\/wp-json\/wp\/v2\/types\/product"}],"replies":[{"embeddable":true,"href":"https:\/\/enriqueinstrumentosmusicales.es\/index.php\/wp-json\/wp\/v2\/comments?post=4974"}],"wp:featuredmedia":[{"embeddable":true,"href":"https:\/\/enriqueinstrumentosmusicales.es\/index.php\/wp-json\/wp\/v2\/media\/4975"}],"wp:attachment":[{"href":"https:\/\/enriqueinstrumentosmusicales.es\/index.php\/wp-json\/wp\/v2\/media?parent=4974"}],"wp:term":[{"taxonomy":"product_brand","embeddable":true,"href":"https:\/\/enriqueinstrumentosmusicales.es\/index.php\/wp-json\/wp\/v2\/product_brand?post=4974"},{"taxonomy":"product_cat","embeddable":true,"href":"https:\/\/enriqueinstrumentosmusicales.es\/index.php\/wp-json\/wp\/v2\/product_cat?post=4974"},{"taxonomy":"product_tag","embeddable":true,"href":"https:\/\/enriqueinstrumentosmusicales.es\/index.php\/wp-json\/wp\/v2\/product_tag?post=4974"}],"curies":[{"name":"wp","href":"https:\/\/api.w.org\/{rel}","templated":true}]}}