{"id":5524,"date":"2018-03-08T19:01:41","date_gmt":"2018-03-08T19:01:41","guid":{"rendered":"http:\/\/enriqueinstrumentosmusicales.es\/?post_type=product&#038;p=5524"},"modified":"2022-09-15T11:41:13","modified_gmt":"2022-09-15T11:41:13","slug":"soporte-guitarra-2","status":"publish","type":"product","link":"https:\/\/enriqueinstrumentosmusicales.es\/index.php\/producto\/soporte-guitarra-2\/","title":{"rendered":"Soporte guitarra"},"content":{"rendered":"<p>Soporte plegable para guitarra cl\u00e1sica o ac\u00fastica H\u00e9rcules.<\/p>\n","protected":false},"excerpt":{"rendered":"<p>Soporte guitarra.<\/p>\n","protected":false},"featured_media":5517,"comment_status":"open","ping_status":"closed","template":"","meta":[],"product_brand":[],"product_cat":[61],"product_tag":[],"class_list":{"0":"post-5524","1":"product","2":"type-product","3":"status-publish","4":"has-post-thumbnail","6":"product_cat-accesorios","8":"first","9":"instock","10":"shipping-taxable","11":"purchasable","12":"product-type-simple"},"_links":{"self":[{"href":"https:\/\/enriqueinstrumentosmusicales.es\/index.php\/wp-json\/wp\/v2\/product\/5524","targetHints":{"allow":["GET"]}}],"collection":[{"href":"https:\/\/enriqueinstrumentosmusicales.es\/index.php\/wp-json\/wp\/v2\/product"}],"about":[{"href":"https:\/\/enriqueinstrumentosmusicales.es\/index.php\/wp-json\/wp\/v2\/types\/product"}],"replies":[{"embeddable":true,"href":"https:\/\/enriqueinstrumentosmusicales.es\/index.php\/wp-json\/wp\/v2\/comments?post=5524"}],"wp:featuredmedia":[{"embeddable":true,"href":"https:\/\/enriqueinstrumentosmusicales.es\/index.php\/wp-json\/wp\/v2\/media\/5517"}],"wp:attachment":[{"href":"https:\/\/enriqueinstrumentosmusicales.es\/index.php\/wp-json\/wp\/v2\/media?parent=5524"}],"wp:term":[{"taxonomy":"product_brand","embeddable":true,"href":"https:\/\/enriqueinstrumentosmusicales.es\/index.php\/wp-json\/wp\/v2\/product_brand?post=5524"},{"taxonomy":"product_cat","embeddable":true,"href":"https:\/\/enriqueinstrumentosmusicales.es\/index.php\/wp-json\/wp\/v2\/product_cat?post=5524"},{"taxonomy":"product_tag","embeddable":true,"href":"https:\/\/enriqueinstrumentosmusicales.es\/index.php\/wp-json\/wp\/v2\/product_tag?post=5524"}],"curies":[{"name":"wp","href":"https:\/\/api.w.org\/{rel}","templated":true}]}}