{"id":6868,"date":"2023-05-29T11:09:06","date_gmt":"2023-05-29T11:09:06","guid":{"rendered":"https:\/\/enriqueinstrumentosmusicales.es\/?post_type=product&#038;p=6868"},"modified":"2023-05-29T11:09:06","modified_gmt":"2023-05-29T11:09:06","slug":"microfono-estudio","status":"publish","type":"product","link":"https:\/\/enriqueinstrumentosmusicales.es\/index.php\/producto\/microfono-estudio\/","title":{"rendered":"Micr\u00f3fono estudio"},"content":{"rendered":"<p>Pack de micr\u00f3fono de condensador de estudio con espuma, ara\u00f1a, flexo, cable XLR-minijack, adaptador para PC y filtro antipop. Marca EK.<\/p>\n","protected":false},"excerpt":{"rendered":"<p>Micr\u00f3fono estudio.<\/p>\n","protected":false},"featured_media":6872,"comment_status":"open","ping_status":"closed","template":"","meta":[],"product_brand":[],"product_cat":[64],"product_tag":[],"class_list":{"0":"post-6868","1":"product","2":"type-product","3":"status-publish","4":"has-post-thumbnail","6":"product_cat-sonido","8":"first","9":"instock","10":"shipping-taxable","11":"purchasable","12":"product-type-simple"},"_links":{"self":[{"href":"https:\/\/enriqueinstrumentosmusicales.es\/index.php\/wp-json\/wp\/v2\/product\/6868","targetHints":{"allow":["GET"]}}],"collection":[{"href":"https:\/\/enriqueinstrumentosmusicales.es\/index.php\/wp-json\/wp\/v2\/product"}],"about":[{"href":"https:\/\/enriqueinstrumentosmusicales.es\/index.php\/wp-json\/wp\/v2\/types\/product"}],"replies":[{"embeddable":true,"href":"https:\/\/enriqueinstrumentosmusicales.es\/index.php\/wp-json\/wp\/v2\/comments?post=6868"}],"wp:featuredmedia":[{"embeddable":true,"href":"https:\/\/enriqueinstrumentosmusicales.es\/index.php\/wp-json\/wp\/v2\/media\/6872"}],"wp:attachment":[{"href":"https:\/\/enriqueinstrumentosmusicales.es\/index.php\/wp-json\/wp\/v2\/media?parent=6868"}],"wp:term":[{"taxonomy":"product_brand","embeddable":true,"href":"https:\/\/enriqueinstrumentosmusicales.es\/index.php\/wp-json\/wp\/v2\/product_brand?post=6868"},{"taxonomy":"product_cat","embeddable":true,"href":"https:\/\/enriqueinstrumentosmusicales.es\/index.php\/wp-json\/wp\/v2\/product_cat?post=6868"},{"taxonomy":"product_tag","embeddable":true,"href":"https:\/\/enriqueinstrumentosmusicales.es\/index.php\/wp-json\/wp\/v2\/product_tag?post=6868"}],"curies":[{"name":"wp","href":"https:\/\/api.w.org\/{rel}","templated":true}]}}